{"id":86,"date":"2024-06-26T11:11:00","date_gmt":"2024-06-26T11:11:00","guid":{"rendered":"https:\/\/evuhus.webdev.is\/?page_id=86"},"modified":"2024-07-04T12:26:05","modified_gmt":"2024-07-04T12:26:05","slug":"edda","status":"publish","type":"page","link":"https:\/\/evuhus.webdev.is\/?page_id=86","title":{"rendered":"Edda"},"content":{"rendered":"<p><div class=\"fusion-fullwidth fullwidth-box fusion-builder-row-1 fusion-flex-container has-pattern-background has-mask-background hundred-percent-fullwidth non-hundred-percent-height-scrolling\" style=\"--awb-border-radius-top-left:0px;--awb-border-radius-top-right:0px;--awb-border-radius-bottom-right:0px;--awb-border-radius-bottom-left:0px;--awb-padding-right:0px;--awb-padding-left:0px;--awb-padding-right-medium:0px;--awb-flex-wrap:wrap;\" ><div class=\"fusion-builder-row fusion-row fusion-flex-align-items-stretch fusion-flex-content-wrap\" style=\"width:104% !important;max-width:104% !important;margin-left: calc(-4% \/ 2 );margin-right: calc(-4% \/ 2 );\"><div class=\"fusion-layout-column fusion_builder_column fusion-builder-column-0 fusion-flex-column fusion-animated\" style=\"--awb-padding-top:90px;--awb-padding-right:90px;--awb-padding-bottom:90px;--awb-padding-left:20%;--awb-padding-top-medium:90px;--awb-padding-right-medium:90px;--awb-padding-bottom-medium:90px;--awb-padding-left-medium:20%;--awb-bg-size:cover;--awb-width-large:45%;--awb-margin-top-large:0px;--awb-spacing-right-large:0%;--awb-margin-bottom-large:0px;--awb-spacing-left-large:4.2666666666667%;--awb-width-medium:45%;--awb-order-medium:0;--awb-spacing-right-medium:0%;--awb-margin-bottom-medium:0;--awb-spacing-left-medium:4.2666666666667%;--awb-width-small:100%;--awb-order-small:0;--awb-spacing-right-small:1.92%;--awb-margin-bottom-small:0px;--awb-spacing-left-small:1.92%;\" data-animationType=\"fadeInLeft\" data-animationDuration=\"0.8\" data-animationOffset=\"top-into-view\"><div class=\"fusion-column-wrapper fusion-column-has-shadow fusion-flex-justify-content-flex-start fusion-content-layout-column\"><div class=\"fusion-title title fusion-title-1 fusion-sep-none fusion-title-text fusion-title-size-one\" style=\"--awb-text-color:var(--awb-color7);\"><h1 class=\"fusion-title-heading title-heading-left\" style=\"margin:0;\">Edda l\u00e6knastofur<\/h1><\/div><div class=\"fusion-text fusion-text-1\" style=\"--awb-text-color:var(--awb-color6);\"><p>Edda er heimili reynslumikilla l\u00e6kna sem bj\u00f3\u00f0a upp \u00e1 vanda\u00f0a alhli\u00f0a \u00fej\u00f3nustu \u00e1 svi\u00f0i kvensj\u00fakd\u00f3mal\u00e6kninga.<\/p>\n<p>Vi\u00f0 bj\u00f3\u00f0um upp \u00e1 allar helstu tegundir kvensj\u00fakd\u00f3mal\u00e6kninga, \u00e1 bor\u00f0 vi\u00f0 sko\u00f0anir, getna\u00f0arvarnir, s\u00fdnat\u00f6kur, r\u00e1\u00f0gj\u00f6f og margt fleira.<\/p>\n<p>Evuh\u00fas opnar \u00ed Ur\u00f0arhvarfi \u00e1 haustm\u00e1nu\u00f0um 2024 og h\u00e6gt ver\u00f0ur a\u00f0 b\u00f3ka t\u00edma me\u00f0 hnappnum h\u00e9r a\u00f0 ofan fr\u00e1 20. j\u00fal\u00ed.<\/p>\n<\/div><\/div><\/div><div class=\"fusion-layout-column fusion_builder_column fusion-builder-column-1 fusion-flex-column fusion-animated\" style=\"--awb-padding-right-medium:0px;--awb-padding-top-small:3.5vh;--awb-padding-right-small:3.5vh;--awb-padding-bottom-small:3.5vh;--awb-padding-left-small:3.5vh;--awb-bg-image:url(&#039;https:\/\/evuhus.webdev.is\/wp-content\/uploads\/2024\/06\/shutterstock_1316330951_unnin-scaled.jpg&#039;);--awb-bg-image-medium:url(&#039;https:\/\/evuhus.webdev.is\/wp-content\/uploads\/2024\/06\/shutterstock_2120585189_unnin_web-scaled.jpg&#039;);--awb-bg-position:center center;--awb-bg-size:cover;--awb-width-large:55%;--awb-margin-top-large:0px;--awb-spacing-right-large:0%;--awb-margin-bottom-large:0px;--awb-spacing-left-large:0%;--awb-width-medium:55%;--awb-order-medium:0;--awb-spacing-right-medium:0%;--awb-margin-bottom-medium:0px;--awb-spacing-left-medium:0%;--awb-width-small:100%;--awb-order-small:0;--awb-spacing-right-small:1.92%;--awb-spacing-left-small:1.92%;\" data-animationType=\"fadeInRight\" data-animationDuration=\"0.9\" data-animationDelay=\"0.3\" data-animationOffset=\"top-into-view\" data-scroll-devices=\"small-visibility,medium-visibility,large-visibility\"><div class=\"fusion-column-wrapper fusion-column-has-shadow fusion-flex-justify-content-space-between fusion-content-layout-column fusion-column-has-bg-image fusion-column-has-bg-image-medium\" data-bg-url=\"https:\/\/evuhus.webdev.is\/wp-content\/uploads\/2024\/06\/shutterstock_1316330951_unnin-scaled.jpg\"><div class=\"fusion-separator fusion-no-large-visibility fusion-full-width-sep\" style=\"align-self: center;margin-left: auto;margin-right: auto;margin-bottom:12vw;width:100%;\"><\/div><\/div><\/div><\/div><\/div><div class=\"fusion-fullwidth fullwidth-box fusion-builder-row-2 fusion-flex-container has-pattern-background has-mask-background nonhundred-percent-fullwidth non-hundred-percent-height-scrolling\" style=\"--awb-border-radius-top-left:0px;--awb-border-radius-top-right:0px;--awb-border-radius-bottom-right:0px;--awb-border-radius-bottom-left:0px;--awb-padding-top:58px;--awb-padding-bottom:58px;--awb-flex-wrap:wrap;\" ><div class=\"fusion-builder-row fusion-row fusion-flex-align-items-flex-start fusion-flex-justify-content-center fusion-flex-content-wrap\" style=\"max-width:1248px;margin-left: calc(-4% \/ 2 );margin-right: calc(-4% \/ 2 );\"><div class=\"fusion-layout-column fusion_builder_column fusion-builder-column-2 fusion_builder_column_1_1 1_1 fusion-flex-column\" style=\"--awb-bg-size:cover;--awb-width-large:100%;--awb-margin-top-large:0px;--awb-spacing-right-large:1.92%;--awb-margin-bottom-large:56px;--awb-spacing-left-large:1.92%;--awb-width-medium:100%;--awb-order-medium:0;--awb-spacing-right-medium:1.92%;--awb-spacing-left-medium:1.92%;--awb-width-small:100%;--awb-order-small:0;--awb-spacing-right-small:1.92%;--awb-spacing-left-small:1.92%;\" data-scroll-devices=\"small-visibility,medium-visibility,large-visibility\"><div class=\"fusion-column-wrapper fusion-column-has-shadow fusion-flex-justify-content-flex-start fusion-content-layout-column\"><div class=\"fusion-title title fusion-title-2 fusion-sep-none fusion-title-text fusion-title-size-two\"><h2 class=\"fusion-title-heading title-heading-left\" style=\"margin:0;\">Starfsf\u00f3lk Eddu<\/h2><\/div><\/div><\/div><div class=\"fusion-layout-column fusion_builder_column fusion-builder-column-3 fusion_builder_column_1_2 1_2 fusion-flex-column\" style=\"--awb-bg-size:cover;--awb-width-large:50%;--awb-margin-top-large:0px;--awb-spacing-right-large:3.84%;--awb-margin-bottom-large:20px;--awb-spacing-left-large:3.84%;--awb-width-medium:50%;--awb-order-medium:0;--awb-spacing-right-medium:3.84%;--awb-spacing-left-medium:3.84%;--awb-width-small:100%;--awb-order-small:0;--awb-spacing-right-small:1.92%;--awb-spacing-left-small:1.92%;\"><div class=\"fusion-column-wrapper fusion-column-has-shadow fusion-flex-justify-content-flex-start fusion-content-layout-column\"><div class=\"fusion-image-element \" style=\"--awb-caption-title-font-family:var(--h2_typography-font-family);--awb-caption-title-font-weight:var(--h2_typography-font-weight);--awb-caption-title-font-style:var(--h2_typography-font-style);--awb-caption-title-size:var(--h2_typography-font-size);--awb-caption-title-transform:var(--h2_typography-text-transform);--awb-caption-title-line-height:var(--h2_typography-line-height);--awb-caption-title-letter-spacing:var(--h2_typography-letter-spacing);\"><span class=\" fusion-imageframe imageframe-none imageframe-1 hover-type-none\"><img decoding=\"async\" width=\"2048\" height=\"2048\" title=\"_DSC6474\" src=\"https:\/\/evuhus.webdev.is\/wp-content\/uploads\/2024\/07\/DSC6474.jpg\" alt class=\"img-responsive wp-image-150\" srcset=\"https:\/\/evuhus.webdev.is\/wp-content\/uploads\/2024\/07\/DSC6474-200x200.jpg 200w, https:\/\/evuhus.webdev.is\/wp-content\/uploads\/2024\/07\/DSC6474-400x400.jpg 400w, https:\/\/evuhus.webdev.is\/wp-content\/uploads\/2024\/07\/DSC6474-600x600.jpg 600w, https:\/\/evuhus.webdev.is\/wp-content\/uploads\/2024\/07\/DSC6474-800x800.jpg 800w, https:\/\/evuhus.webdev.is\/wp-content\/uploads\/2024\/07\/DSC6474-1200x1200.jpg 1200w, https:\/\/evuhus.webdev.is\/wp-content\/uploads\/2024\/07\/DSC6474.jpg 2048w\" sizes=\"(max-width: 640px) 100vw, 600px\" \/><\/span><\/div><div class=\"fusion-text fusion-text-2\" style=\"--awb-content-alignment:left;\"><div class=\"fusion-title title fusion-title-8 fusion-sep-none fusion-title-text fusion-title-size-three\">\n<h3 class=\"fusion-title-heading title-heading-left\" data-fontsize=\"28\" data-lineheight=\"33.6px\">Ingunn J\u00f3nsd\u00f3ttir<\/h3>\n<\/div>\n<div class=\"fusion-text fusion-text-7\">\n<p>Kvensj\u00fakd\u00f3ma- og f\u00e6\u00f0ingal\u00e6knir og me\u00f0eigandi<br \/>\nT\u00f6lvup\u00f3stfang: ingunn@evuhus.is<\/p>\n<\/div>\n<\/div><\/div><\/div><div class=\"fusion-layout-column fusion_builder_column fusion-builder-column-4 fusion_builder_column_1_2 1_2 fusion-flex-column\" style=\"--awb-bg-size:cover;--awb-width-large:50%;--awb-margin-top-large:0px;--awb-spacing-right-large:3.84%;--awb-margin-bottom-large:20px;--awb-spacing-left-large:3.84%;--awb-width-medium:50%;--awb-order-medium:0;--awb-spacing-right-medium:3.84%;--awb-spacing-left-medium:3.84%;--awb-width-small:100%;--awb-order-small:0;--awb-spacing-right-small:1.92%;--awb-spacing-left-small:1.92%;\"><div class=\"fusion-column-wrapper fusion-column-has-shadow fusion-flex-justify-content-flex-start fusion-content-layout-column\"><div class=\"fusion-image-element \" style=\"--awb-caption-title-font-family:var(--h2_typography-font-family);--awb-caption-title-font-weight:var(--h2_typography-font-weight);--awb-caption-title-font-style:var(--h2_typography-font-style);--awb-caption-title-size:var(--h2_typography-font-size);--awb-caption-title-transform:var(--h2_typography-text-transform);--awb-caption-title-line-height:var(--h2_typography-line-height);--awb-caption-title-letter-spacing:var(--h2_typography-letter-spacing);\"><span class=\" fusion-imageframe imageframe-none imageframe-2 hover-type-none\"><img decoding=\"async\" width=\"2048\" height=\"2048\" title=\"_DSC6485\" src=\"https:\/\/evuhus.webdev.is\/wp-content\/uploads\/2024\/07\/DSC6485.jpg\" alt class=\"img-responsive wp-image-151\" srcset=\"https:\/\/evuhus.webdev.is\/wp-content\/uploads\/2024\/07\/DSC6485-200x200.jpg 200w, https:\/\/evuhus.webdev.is\/wp-content\/uploads\/2024\/07\/DSC6485-400x400.jpg 400w, https:\/\/evuhus.webdev.is\/wp-content\/uploads\/2024\/07\/DSC6485-600x600.jpg 600w, https:\/\/evuhus.webdev.is\/wp-content\/uploads\/2024\/07\/DSC6485-800x800.jpg 800w, https:\/\/evuhus.webdev.is\/wp-content\/uploads\/2024\/07\/DSC6485-1200x1200.jpg 1200w, https:\/\/evuhus.webdev.is\/wp-content\/uploads\/2024\/07\/DSC6485.jpg 2048w\" sizes=\"(max-width: 640px) 100vw, 600px\" \/><\/span><\/div><div class=\"fusion-text fusion-text-3\" style=\"--awb-content-alignment:left;\"><div class=\"fusion-title title fusion-title-9 fusion-sep-none fusion-title-text fusion-title-size-three\">\n<h3 class=\"fusion-title-heading title-heading-left\" data-fontsize=\"28\" data-lineheight=\"33.6px\">Kristbj\u00f6rg Hei\u00f0ur Olsen<\/h3>\n<\/div>\n<div class=\"fusion-text fusion-text-8\">\n<p>Kvensj\u00fakd\u00f3ma- og f\u00e6\u00f0ingal\u00e6knir og me\u00f0eigandi<br \/>\nT\u00f6lvup\u00f3stfang: kristbjorg@evuhus.is<\/p>\n<\/div>\n<\/div><\/div><\/div><\/div><\/div><\/p>\n","protected":false},"excerpt":{"rendered":"","protected":false},"author":3,"featured_media":0,"parent":0,"menu_order":0,"comment_status":"closed","ping_status":"open","template":"100-width.php","meta":{"footnotes":""},"class_list":["post-86","page","type-page","status-publish","hentry"],"_links":{"self":[{"href":"https:\/\/evuhus.webdev.is\/index.php?rest_route=\/wp\/v2\/pages\/86","targetHints":{"allow":["GET"]}}],"collection":[{"href":"https:\/\/evuhus.webdev.is\/index.php?rest_route=\/wp\/v2\/pages"}],"about":[{"href":"https:\/\/evuhus.webdev.is\/index.php?rest_route=\/wp\/v2\/types\/page"}],"author":[{"embeddable":true,"href":"https:\/\/evuhus.webdev.is\/index.php?rest_route=\/wp\/v2\/users\/3"}],"replies":[{"embeddable":true,"href":"https:\/\/evuhus.webdev.is\/index.php?rest_route=%2Fwp%2Fv2%2Fcomments&post=86"}],"version-history":[{"count":18,"href":"https:\/\/evuhus.webdev.is\/index.php?rest_route=\/wp\/v2\/pages\/86\/revisions"}],"predecessor-version":[{"id":158,"href":"https:\/\/evuhus.webdev.is\/index.php?rest_route=\/wp\/v2\/pages\/86\/revisions\/158"}],"wp:attachment":[{"href":"https:\/\/evuhus.webdev.is\/index.php?rest_route=%2Fwp%2Fv2%2Fmedia&parent=86"}],"curies":[{"name":"wp","href":"https:\/\/api.w.org\/{rel}","templated":true}]}}