{"id":2,"date":"2024-06-19T10:46:26","date_gmt":"2024-06-19T10:46:26","guid":{"rendered":"https:\/\/evuhus.webdev.is\/?page_id=2"},"modified":"2024-07-04T12:24:16","modified_gmt":"2024-07-04T12:24:16","slug":"sample-page","status":"publish","type":"page","link":"https:\/\/evuhus.webdev.is\/","title":{"rendered":"Evuh\u00fas"},"content":{"rendered":"<p><div class=\"fusion-fullwidth fullwidth-box fusion-builder-row-1 fusion-flex-container has-pattern-background has-mask-background hundred-percent-fullwidth non-hundred-percent-height-scrolling\" style=\"--awb-border-radius-top-left:0px;--awb-border-radius-top-right:0px;--awb-border-radius-bottom-right:0px;--awb-border-radius-bottom-left:0px;--awb-padding-right:0px;--awb-padding-left:0px;--awb-padding-right-medium:0px;--awb-flex-wrap:wrap;\" ><div class=\"fusion-builder-row fusion-row fusion-flex-align-items-stretch fusion-flex-content-wrap\" style=\"width:104% !important;max-width:104% !important;margin-left: calc(-4% \/ 2 );margin-right: calc(-4% \/ 2 );\"><div class=\"fusion-layout-column fusion_builder_column fusion-builder-column-0 fusion-flex-column fusion-animated\" style=\"--awb-padding-top:90px;--awb-padding-right:90px;--awb-padding-bottom:90px;--awb-padding-left:20%;--awb-padding-top-medium:90px;--awb-padding-right-medium:90px;--awb-padding-bottom-medium:90px;--awb-padding-left-medium:20%;--awb-bg-size:cover;--awb-width-large:45%;--awb-margin-top-large:0px;--awb-spacing-right-large:0%;--awb-margin-bottom-large:0px;--awb-spacing-left-large:4.2666666666667%;--awb-width-medium:45%;--awb-order-medium:0;--awb-spacing-right-medium:0%;--awb-margin-bottom-medium:0;--awb-spacing-left-medium:4.2666666666667%;--awb-width-small:100%;--awb-order-small:0;--awb-spacing-right-small:1.92%;--awb-margin-bottom-small:0px;--awb-spacing-left-small:1.92%;\" data-animationType=\"fadeInLeft\" data-animationDuration=\"0.6\" data-animationOffset=\"top-into-view\"><div class=\"fusion-column-wrapper fusion-column-has-shadow fusion-flex-justify-content-flex-start fusion-content-layout-column\"><div class=\"fusion-title title fusion-title-1 fusion-sep-none fusion-title-text fusion-title-size-one\" style=\"--awb-text-color:var(--awb-color7);\"><h1 class=\"fusion-title-heading title-heading-left\" style=\"margin:0;\">Evuh\u00fas kvenheilsusetur<\/h1><\/div><div class=\"fusion-text fusion-text-1\" style=\"--awb-text-color:var(--awb-color6);\"><p>\u00cd Evuh\u00fasi m\u00e1 finna \u00fej\u00f3nustu \u00e1 svi\u00f0i frj\u00f3semi og kvenheilsu. <span style=\"color: var(--awb-text-color); font-family: var(--awb-text-font-family); font-size: var(--awb-font-size); font-style: var(--awb-text-font-style); font-weight: var(--awb-text-font-weight); letter-spacing: var(--awb-letter-spacing); text-align: var(--awb-content-alignment); text-transform: var(--awb-text-transform); background-color: var(--awb-bg-color-hover);\">Vi\u00f0 bj\u00f3\u00f0um f\u00f3lk velkomi\u00f0 \u00ed hl\u00fdlegt umhverfi \u00fear sem \u00feeirra \u00fe\u00f6rfum er m\u00e6tt af fagmennsku og skilningi.<\/span><\/p>\n<p><span style=\"color: var(--awb-text-color); font-family: var(--awb-text-font-family); font-size: var(--awb-font-size); font-style: var(--awb-text-font-style); font-weight: var(--awb-text-font-weight); letter-spacing: var(--awb-letter-spacing); text-align: var(--awb-content-alignment); text-transform: var(--awb-text-transform); background-color: var(--awb-bg-color-hover);\">Evuh\u00fas opnar \u00e1 haustm\u00e1nu\u00f0um 2024 og h\u00e6gt ver\u00f0ur a\u00f0 b\u00f3ka t\u00edma me\u00f0 hnappnum h\u00e9r a\u00f0 ofan fr\u00e1 20. j\u00fal\u00ed.<\/span><\/p>\n<\/div><\/div><\/div><div class=\"fusion-layout-column fusion_builder_column fusion-builder-column-1 fusion-flex-column fusion-animated\" style=\"--awb-padding-right-medium:0px;--awb-padding-top-small:3.5vh;--awb-padding-right-small:3.5vh;--awb-padding-bottom-small:3.5vh;--awb-padding-left-small:3.5vh;--awb-bg-image:url(&#039;https:\/\/evuhus.webdev.is\/wp-content\/uploads\/2024\/06\/shutterstock_2120585189_unnin_web-scaled.jpg&#039;);--awb-bg-image-medium:url(&#039;https:\/\/evuhus.webdev.is\/wp-content\/uploads\/2024\/06\/shutterstock_2120585189_unnin_web-scaled.jpg&#039;);--awb-bg-position:center center;--awb-bg-size:cover;--awb-width-large:55%;--awb-margin-top-large:0px;--awb-spacing-right-large:0%;--awb-margin-bottom-large:0px;--awb-spacing-left-large:0%;--awb-width-medium:55%;--awb-order-medium:0;--awb-spacing-right-medium:0%;--awb-margin-bottom-medium:0px;--awb-spacing-left-medium:0%;--awb-width-small:100%;--awb-order-small:0;--awb-spacing-right-small:1.92%;--awb-spacing-left-small:1.92%;\" data-animationType=\"fadeInRight\" data-animationDuration=\"0.9\" data-animationOffset=\"top-into-view\"><div class=\"fusion-column-wrapper fusion-column-has-shadow fusion-flex-justify-content-space-between fusion-content-layout-column fusion-column-has-bg-image fusion-column-has-bg-image-medium\" data-bg-url=\"https:\/\/evuhus.webdev.is\/wp-content\/uploads\/2024\/06\/shutterstock_2120585189_unnin_web-scaled.jpg\"><div class=\"fusion-separator fusion-no-large-visibility fusion-full-width-sep\" style=\"align-self: center;margin-left: auto;margin-right: auto;margin-bottom:12vw;width:100%;\"><\/div><\/div><\/div><\/div><\/div><div class=\"fusion-fullwidth fullwidth-box fusion-builder-row-2 fusion-flex-container has-pattern-background has-mask-background nonhundred-percent-fullwidth non-hundred-percent-height-scrolling\" style=\"--awb-border-radius-top-left:0px;--awb-border-radius-top-right:0px;--awb-border-radius-bottom-right:0px;--awb-border-radius-bottom-left:0px;--awb-padding-top:58px;--awb-padding-bottom:58px;--awb-flex-wrap:wrap;\" ><div class=\"fusion-builder-row fusion-row fusion-flex-align-items-flex-start fusion-flex-justify-content-center fusion-flex-content-wrap\" style=\"max-width:1248px;margin-left: calc(-4% \/ 2 );margin-right: calc(-4% \/ 2 );\"><div class=\"fusion-layout-column fusion_builder_column fusion-builder-column-2 fusion_builder_column_2_3 2_3 fusion-flex-column\" style=\"--awb-bg-size:cover;--awb-width-large:66.666666666667%;--awb-margin-top-large:0px;--awb-spacing-right-large:2.88%;--awb-margin-bottom-large:56px;--awb-spacing-left-large:2.88%;--awb-width-medium:66.666666666667%;--awb-order-medium:0;--awb-spacing-right-medium:2.88%;--awb-spacing-left-medium:2.88%;--awb-width-small:100%;--awb-order-small:0;--awb-spacing-right-small:1.92%;--awb-spacing-left-small:1.92%;\"><div class=\"fusion-column-wrapper fusion-column-has-shadow fusion-flex-justify-content-flex-start fusion-content-layout-column\"><div class=\"fusion-title title fusion-title-2 fusion-sep-none fusion-title-center fusion-title-text fusion-title-size-two\"><h2 class=\"fusion-title-heading title-heading-center\" style=\"margin:0;\">Starfsemin<\/h2><\/div><div class=\"fusion-text fusion-text-2\" style=\"--awb-content-alignment:center;\"><p>\u00dej\u00f3nustan \u00ed Evuh\u00fasi skiptist \u00ed tv\u00e6r einingar &#8211; e\u00f0a <i>stofur<\/i>.<\/p>\n<\/div><\/div><\/div><div class=\"fusion-layout-column fusion_builder_column fusion-builder-column-3 fusion_builder_column_1_2 1_2 fusion-flex-column fusion-column-inner-bg-wrapper fusion-animated\" style=\"--awb-padding-top:3.5vh;--awb-padding-right:3.5vh;--awb-padding-bottom:3.5vh;--awb-padding-left:3.5vh;--awb-overflow:hidden;--awb-inner-bg-color:var(--awb-color2);--awb-inner-bg-color-hover:var(--awb-color2);--awb-inner-bg-image:linear-gradient(180deg, var(--awb-color1) 0%,var(--awb-color1) 100%),url(https:\/\/evuhus.webdev.is\/wp-content\/uploads\/2024\/06\/shutterstock_1707186502_unnin_web-scaled.jpg);;--awb-inner-bg-blend:soft-light;--awb-inner-bg-size:cover;--awb-border-color:var(--awb-color4);--awb-border-top:1px;--awb-border-right:1px;--awb-border-bottom:1px;--awb-border-left:1px;--awb-border-style:solid;--awb-border-radius:6px 6px 6px 6px;--awb-inner-bg-border-radius:6px 6px 6px 6px;--awb-inner-bg-overflow:hidden;--awb-transform:scaleX(1) scaleY(1);--awb-transform-hover:scaleX(1.03) scaleY(1.03);--awb-width-large:50%;--awb-margin-top-large:0px;--awb-spacing-right-large:3.84%;--awb-margin-bottom-large:20px;--awb-spacing-left-large:3.84%;--awb-width-medium:50%;--awb-order-medium:0;--awb-spacing-right-medium:3.84%;--awb-spacing-left-medium:3.84%;--awb-width-small:100%;--awb-order-small:0;--awb-spacing-right-small:1.92%;--awb-spacing-left-small:1.92%;\" data-animationType=\"fadeInUp\" data-animationDuration=\"0.8\" data-animationOffset=\"top-into-view\"><span class=\"fusion-column-inner-bg hover-type-none\"><a class=\"fusion-column-anchor\" href=\"https:\/\/www.sunnafrjosemi.is\"><span class=\"fusion-column-inner-bg-image\"><\/span><\/a><\/span><div class=\"fusion-column-wrapper fusion-column-has-shadow fusion-flex-justify-content-flex-start fusion-content-layout-column fusion-column-has-bg-image\" data-bg-url=\"https:\/\/evuhus.webdev.is\/wp-content\/uploads\/2024\/06\/shutterstock_1707186502_unnin_web-scaled.jpg\"><div class=\"fusion-image-element \" style=\"--awb-caption-title-font-family:var(--h2_typography-font-family);--awb-caption-title-font-weight:var(--h2_typography-font-weight);--awb-caption-title-font-style:var(--h2_typography-font-style);--awb-caption-title-size:var(--h2_typography-font-size);--awb-caption-title-transform:var(--h2_typography-text-transform);--awb-caption-title-line-height:var(--h2_typography-line-height);--awb-caption-title-letter-spacing:var(--h2_typography-letter-spacing);\"><span class=\" fusion-imageframe imageframe-none imageframe-1 hover-type-none\"><img decoding=\"async\" width=\"2228\" height=\"1034\" title=\"Sunna_logo_1_2x\" src=\"https:\/\/evuhus.webdev.is\/wp-content\/uploads\/2024\/06\/Sunna_logo_1_2x.png\" alt class=\"img-responsive wp-image-61\" srcset=\"https:\/\/evuhus.webdev.is\/wp-content\/uploads\/2024\/06\/Sunna_logo_1_2x-200x93.png 200w, https:\/\/evuhus.webdev.is\/wp-content\/uploads\/2024\/06\/Sunna_logo_1_2x-400x186.png 400w, https:\/\/evuhus.webdev.is\/wp-content\/uploads\/2024\/06\/Sunna_logo_1_2x-600x278.png 600w, https:\/\/evuhus.webdev.is\/wp-content\/uploads\/2024\/06\/Sunna_logo_1_2x-800x371.png 800w, https:\/\/evuhus.webdev.is\/wp-content\/uploads\/2024\/06\/Sunna_logo_1_2x-1200x557.png 1200w, https:\/\/evuhus.webdev.is\/wp-content\/uploads\/2024\/06\/Sunna_logo_1_2x.png 2228w\" sizes=\"(max-width: 640px) 100vw, 600px\" \/><\/span><\/div><div class=\"fusion-text fusion-text-3\"><p style=\"text-align: center;\">Sunna frj\u00f3semisstofa b\u00fd\u00f0ur einstaklingum og p\u00f6rum upp \u00e1 frj\u00f3semisme\u00f0fer\u00f0ir og r\u00e1\u00f0gj\u00f6f sem tekur mi\u00f0 af \u00f3l\u00edkum \u00fe\u00f6rfum.<\/p>\n<\/div><\/div><\/div><div class=\"fusion-layout-column fusion_builder_column fusion-builder-column-4 fusion_builder_column_1_2 1_2 fusion-flex-column fusion-column-inner-bg-wrapper fusion-animated\" style=\"--awb-padding-top:3.5vh;--awb-padding-right:3.5vh;--awb-padding-bottom:3.5vh;--awb-padding-left:3.5vh;--awb-overflow:hidden;--awb-inner-bg-color:var(--awb-color2);--awb-inner-bg-color-hover:var(--awb-color2);--awb-inner-bg-image:url(&#039;https:\/\/evuhus.webdev.is\/wp-content\/uploads\/2024\/06\/shutterstock_1316330951_unnin-scaled.jpg&#039;);--awb-inner-bg-position:center center;--awb-inner-bg-blend:soft-light;--awb-inner-bg-size:cover;--awb-border-color:var(--awb-color4);--awb-border-top:1px;--awb-border-right:1px;--awb-border-bottom:1px;--awb-border-left:1px;--awb-border-style:solid;--awb-border-radius:6px 6px 6px 6px;--awb-inner-bg-border-radius:6px 6px 6px 6px;--awb-inner-bg-overflow:hidden;--awb-transform:scaleX(1) scaleY(1);--awb-transform-hover:scaleX(1.03) scaleY(1.03);--awb-width-large:50%;--awb-margin-top-large:0px;--awb-spacing-right-large:3.84%;--awb-margin-bottom-large:20px;--awb-spacing-left-large:3.84%;--awb-width-medium:50%;--awb-order-medium:0;--awb-spacing-right-medium:3.84%;--awb-spacing-left-medium:3.84%;--awb-width-small:100%;--awb-order-small:0;--awb-spacing-right-small:1.92%;--awb-spacing-left-small:1.92%;\" data-animationType=\"fadeInUp\" data-animationDuration=\"0.8\" data-animationDelay=\"0.3\" data-animationOffset=\"top-into-view\"><span class=\"fusion-column-inner-bg hover-type-none\"><a class=\"fusion-column-anchor\" href=\"https:\/\/evuhus.webdev.is\/?page_id=86\"><span class=\"fusion-column-inner-bg-image\"><\/span><\/a><\/span><div class=\"fusion-column-wrapper fusion-column-has-shadow fusion-flex-justify-content-flex-start fusion-content-layout-column fusion-column-has-bg-image\" data-bg-url=\"https:\/\/evuhus.webdev.is\/wp-content\/uploads\/2024\/06\/shutterstock_1316330951_unnin-scaled.jpg\"><div class=\"fusion-image-element \" style=\"--awb-caption-title-font-family:var(--h2_typography-font-family);--awb-caption-title-font-weight:var(--h2_typography-font-weight);--awb-caption-title-font-style:var(--h2_typography-font-style);--awb-caption-title-size:var(--h2_typography-font-size);--awb-caption-title-transform:var(--h2_typography-text-transform);--awb-caption-title-line-height:var(--h2_typography-line-height);--awb-caption-title-letter-spacing:var(--h2_typography-letter-spacing);\"><span class=\" fusion-imageframe imageframe-none imageframe-2 hover-type-none\"><img decoding=\"async\" width=\"1114\" height=\"518\" title=\"Edda_logo_1\" src=\"https:\/\/evuhus.webdev.is\/wp-content\/uploads\/2024\/06\/Edda_logo_1.png\" alt class=\"img-responsive wp-image-64\" srcset=\"https:\/\/evuhus.webdev.is\/wp-content\/uploads\/2024\/06\/Edda_logo_1-200x93.png 200w, https:\/\/evuhus.webdev.is\/wp-content\/uploads\/2024\/06\/Edda_logo_1-400x186.png 400w, https:\/\/evuhus.webdev.is\/wp-content\/uploads\/2024\/06\/Edda_logo_1-600x279.png 600w, https:\/\/evuhus.webdev.is\/wp-content\/uploads\/2024\/06\/Edda_logo_1-800x372.png 800w, https:\/\/evuhus.webdev.is\/wp-content\/uploads\/2024\/06\/Edda_logo_1.png 1114w\" sizes=\"(max-width: 640px) 100vw, 600px\" \/><\/span><\/div><div class=\"fusion-text fusion-text-4\"><p style=\"text-align: center;\">Edda l\u00e6knastofur er heimili reynslumikilla l\u00e6kna sem bj\u00f3\u00f0a upp \u00e1 vanda\u00f0a alhli\u00f0a \u00fej\u00f3nustu \u00e1 svi\u00f0i kvensj\u00fakd\u00f3mal\u00e6kninga.<\/p>\n<\/div><\/div><\/div><\/div><\/div><\/p>\n","protected":false},"excerpt":{"rendered":"","protected":false},"author":1,"featured_media":0,"parent":0,"menu_order":0,"comment_status":"closed","ping_status":"open","template":"100-width.php","meta":{"footnotes":""},"class_list":["post-2","page","type-page","status-publish","hentry"],"_links":{"self":[{"href":"https:\/\/evuhus.webdev.is\/index.php?rest_route=\/wp\/v2\/pages\/2","targetHints":{"allow":["GET"]}}],"collection":[{"href":"https:\/\/evuhus.webdev.is\/index.php?rest_route=\/wp\/v2\/pages"}],"about":[{"href":"https:\/\/evuhus.webdev.is\/index.php?rest_route=\/wp\/v2\/types\/page"}],"author":[{"embeddable":true,"href":"https:\/\/evuhus.webdev.is\/index.php?rest_route=\/wp\/v2\/users\/1"}],"replies":[{"embeddable":true,"href":"https:\/\/evuhus.webdev.is\/index.php?rest_route=%2Fwp%2Fv2%2Fcomments&post=2"}],"version-history":[{"count":50,"href":"https:\/\/evuhus.webdev.is\/index.php?rest_route=\/wp\/v2\/pages\/2\/revisions"}],"predecessor-version":[{"id":157,"href":"https:\/\/evuhus.webdev.is\/index.php?rest_route=\/wp\/v2\/pages\/2\/revisions\/157"}],"wp:attachment":[{"href":"https:\/\/evuhus.webdev.is\/index.php?rest_route=%2Fwp%2Fv2%2Fmedia&parent=2"}],"curies":[{"name":"wp","href":"https:\/\/api.w.org\/{rel}","templated":true}]}}